{"id":34020,"date":"2023-06-16T18:12:18","date_gmt":"2023-06-16T18:12:18","guid":{"rendered":"https:\/\/businessdatalab.ca\/survey-insights-generator\/"},"modified":"2024-03-28T14:13:20","modified_gmt":"2024-03-28T14:13:20","slug":"survey-insights-generator","status":"publish","type":"page","link":"https:\/\/businessdatalab.ca\/fr\/survey-insights-generator\/","title":{"rendered":"G\u00e9n\u00e9rateur de r\u00e9sultats d&#8217;enqu\u00eate"},"content":{"rendered":"\n    <section class=\"relative h-full overflow-hidden lg:h-screen\">\n        <div class=\"h-full container relative z-[2]\">\n            <div\n                class=\"flex flex-col-reverse items-center justify-between h-full pb-20 pt-36 md:pt-24 lg:py-0 gap-y-12 lg:gap-y-0 lg:flex-row lg:gap-x-6\">\n                <div class=\"max-w-[616px] w-full flex flex-col gap-y-5 md:gap-y-6\">\n                    <h1 class=\"text-black fade-in block text-[40px]   md:text-[64px] font-bold md:leading-[64px] leading-[44px] tracking-[-3.2px]\">\n                        G\u00e9n\u00e9rateur de r\u00e9sultats d&#8217;enqu\u00eate                    <\/h1>\n                    <div data-delay=\"0.2\" class=\"text-xl font-normal tracking-tight prose text-black max-w-none md:text-xl fade-in\"><p>Un nouvel outil interactif permettant d&#8217;explorer plus efficacement les donn\u00e9es de l\u2019ECSE et de g\u00e9n\u00e9rer des r\u00e9sultats personnalis\u00e9s en fonction de la g\u00e9ographie et des caract\u00e9ristiques de l&#8217;entreprise.<\/p>\n<\/div>\n                                    <\/div>\n                <div>\n                    <img decoding=\"async\" src=\"https:\/\/businessdatalab.ca\/wp-content\/themes\/bdl\/src\/images\/herobdl.svg\" alt=\"logo\"\n                        class=\"sm:max-w-full max-w-[250px]\" \/>\n                <\/div>\n            <\/div>\n        <\/div>\n        <video playsinline webkit-playsinline id=\"responsive-video\" autoplay muted loop class=\"absolute  left-0 object-cover object-center w-full h-[calc(100%+30px)] top-0\">\n            <source id=\"video-source\" src=\"\" type=\"video\/mp4\">\n        <\/video>\n    <\/section>\n\n\n    <script>\n        \/\/ PHP passing video URLs to JavaScript variables\n        const useCDN = '';\n\n        let mobileVideo;\n        let desktopVideo;\n        if (useCDN || useCDN === 1 || useCDN === '1') {\n            mobileVideo = '';\n            desktopVideo = '';\n            console.log(useCDN, desktopVideo, 'useCDN')\n        } else {\n            mobileVideo = '';\n            desktopVideo = '';\n        }\n\n\n        function setVideoSource() {\n            const videoElement = document.getElementById('responsive-video');\n            const videoSource = document.getElementById('video-source');\n\n            \/\/ Check if the window width is less than 768px (you can adjust the breakpoint)\n            if (window.innerWidth < 768) {\n                videoSource.src = mobileVideo; \/\/ Mobile video\n            } else {\n                videoSource.src = desktopVideo; \/\/ Desktop video\n            }\n\n            \/\/ Reload the video to apply the new source\n            videoElement.load();\n        }\n\n        \/\/ Run the function on initial load\n        setVideoSource();\n\n        \/\/ Update the video when the window is resized\n        window.addEventListener('load', setVideoSource);\n        window.addEventListener('DOMContentLoaded', setVideoSource);\n    <\/script>\n\n\n\n\n\n    <section id=\"content-section-block_63176ec6ba98d\" class=\"content-section py-12 lg:md:py-24 bg-white md:pt-[120px] py-14  overflow-hidden relative\" style=\"background: \">\n\n        <div class=\"container\">\n                        <div class=\"relative grid bg-white rounded lg:grid-cols-12\">\n                <div class=\"lg:col-span-6\">\n                    <img decoding=\"async\" class=\"object-cover object-top w-full h-full rounded-l \" src=\"https:\/\/businessdatalab.ca\/wp-content\/uploads\/2023\/06\/UserGuide_Thumbnail_FR_1.png\" alt=\"\" \/>\n                <\/div>\n                <div class=\"flex items-center p-6 pb-8 lg:p-16 lg:col-span-6 bg-blue\">\n                    <div>\n                        <h3 class=\"mb-4 text-2xl leading-8 text-white lg:text-3xl lg:mb-7\">D\u00e9couvrez comment optimiser votre exp\u00e9rience sur le G\u00e9n\u00e9rateur de r\u00e9sultats d'enqu\u00eate avec notre Manuel de l'utilisateur<\/h3>\n                        <div class=\"text-white mb-7\">\n                                                    <\/div>\n                        <a href=\"https:\/\/businessdatalab.ca\/wp-content\/uploads\/2023\/06\/SIG_User_Guide_FINAL_FR-1.pdf\" target=\"_blank\" class=\"inline-block button-outline__white\">Lisez le guide<\/a>\n                    <\/div>\n                <\/div>\n            <\/div>\n        <\/div>\n    <\/section>\n\n\n\n    <section id=\"embed-iframe-block_64888a568212c\" class=\"embed relative  \">\n        <div class=\"container\">\n            <p><iframe loading=\"lazy\" title=\"Return to Work V2.9\" width=\"100%\" height=\"1060px\" src=\"https:\/\/canadianchamber.shinyapps.io\/CSBC_Dashboard_fr\/\" frameborder=\"0\" allowFullScreen=\"true\"><\/iframe> <\/p>\n<div class=\"flex justify-center w-full\">\n                            <a class=\"inline-block mx-auto my-5 button-outline__primary button-outline--lg !rounded-[1rem]\" href=\"https:\/\/canadianchamber.shinyapps.io\/CSBC_Dashboard_fr\/\"\" target=\"_blank\"> D\u00e9marrer G\u00e9n\u00e9rateur  <\/a>\n                         <\/div>\n        <\/div>\n    <\/section>\n\n\n\n\n    <section id=\"content-section-block_66057a9263764\" class=\"content-section py-12 lg:md:py-24 bg-white md:pt-[120px] py-14  overflow-hidden relative\" style=\"background: \">\n\n        <div class=\"container\">\n                        <div class=\"relative grid bg-white rounded lg:grid-cols-12\">\n                <div class=\"lg:col-span-6\">\n                    <img decoding=\"async\" class=\"object-cover object-top w-full h-full rounded-l \" src=\"https:\/\/businessdatalab.ca\/wp-content\/uploads\/2024\/03\/Business_Expectations_Index_web_Thumb-1.png\" alt=\"\" \/>\n                <\/div>\n                <div class=\"flex items-center p-6 pb-8 lg:p-16 lg:col-span-6 bg-blue\">\n                    <div>\n                        <h3 class=\"mb-4 text-2xl leading-8 text-white lg:text-3xl lg:mb-7\">Indice des attentes commerciales<\/h3>\n                        <div class=\"text-white mb-7\">\n                            <p>Les perspectives selon les entreprises canadiennes<\/p>\n                        <\/div>\n                        <a href=\"https:\/\/businessdatalab.ca\/wp-content\/uploads\/2024\/03\/Expectations_Index_Q1_2024_FINAL_FR.pdf\" target=\"_blank\" class=\"inline-block button-outline__white\">Lisez le rapport<\/a>\n                    <\/div>\n                <\/div>\n            <\/div>\n        <\/div>\n    <\/section>\n","protected":false},"excerpt":{"rendered":"","protected":false},"author":11,"featured_media":0,"parent":0,"menu_order":0,"comment_status":"closed","ping_status":"closed","template":"","meta":{"_acf_changed":false,"content-type":"","inline_featured_image":false,"ngg_post_thumbnail":0,"footnotes":""},"class_list":["post-34020","page","type-page","status-publish","hentry"],"acf":[],"yoast_head":"<!-- This site is optimized with the Yoast SEO plugin v27.2 - https:\/\/yoast.com\/product\/yoast-seo-wordpress\/ -->\n<title>G\u00e9n\u00e9rateur de r\u00e9sultats d&#039;enqu\u00eate - Business Data Lab<\/title>\n<meta name=\"robots\" content=\"index, follow, max-snippet:-1, max-image-preview:large, max-video-preview:-1\" \/>\n<link rel=\"canonical\" href=\"https:\/\/businessdatalab.ca\/fr\/survey-insights-generator\/\" \/>\n<meta property=\"og:locale\" content=\"fr_FR\" \/>\n<meta property=\"og:type\" content=\"article\" \/>\n<meta property=\"og:title\" content=\"G\u00e9n\u00e9rateur de r\u00e9sultats d&#039;enqu\u00eate - Business Data Lab\" \/>\n<meta property=\"og:url\" content=\"https:\/\/businessdatalab.ca\/fr\/survey-insights-generator\/\" \/>\n<meta property=\"og:site_name\" content=\"Business Data Lab\" \/>\n<meta property=\"article:publisher\" content=\"https:\/\/www.facebook.com\/CdnChamberofCom\/\" \/>\n<meta property=\"article:modified_time\" content=\"2024-03-28T14:13:20+00:00\" \/>\n<meta name=\"twitter:card\" content=\"summary_large_image\" \/>\n<meta name=\"twitter:site\" content=\"@CdnChamberofCom\" \/>\n<script type=\"application\/ld+json\" class=\"yoast-schema-graph\">{\"@context\":\"https:\/\/schema.org\",\"@graph\":[{\"@type\":\"WebPage\",\"@id\":\"https:\/\/businessdatalab.ca\/fr\/survey-insights-generator\/\",\"url\":\"https:\/\/businessdatalab.ca\/fr\/survey-insights-generator\/\",\"name\":\"G\u00e9n\u00e9rateur de r\u00e9sultats d'enqu\u00eate - Business Data Lab\",\"isPartOf\":{\"@id\":\"https:\/\/businessdatalab.ca\/#website\"},\"datePublished\":\"2023-06-16T18:12:18+00:00\",\"dateModified\":\"2024-03-28T14:13:20+00:00\",\"breadcrumb\":{\"@id\":\"https:\/\/businessdatalab.ca\/fr\/survey-insights-generator\/#breadcrumb\"},\"inLanguage\":\"fr-FR\",\"potentialAction\":[{\"@type\":\"ReadAction\",\"target\":[\"https:\/\/businessdatalab.ca\/fr\/survey-insights-generator\/\"]}]},{\"@type\":\"BreadcrumbList\",\"@id\":\"https:\/\/businessdatalab.ca\/fr\/survey-insights-generator\/#breadcrumb\",\"itemListElement\":[{\"@type\":\"ListItem\",\"position\":1,\"name\":\"Home\",\"item\":\"https:\/\/businessdatalab.ca\/fr\/\"},{\"@type\":\"ListItem\",\"position\":2,\"name\":\"G\u00e9n\u00e9rateur de r\u00e9sultats d&#8217;enqu\u00eate\"}]},{\"@type\":\"WebSite\",\"@id\":\"https:\/\/businessdatalab.ca\/#website\",\"url\":\"https:\/\/businessdatalab.ca\/\",\"name\":\"Business Data Lab\",\"description\":\"\",\"publisher\":{\"@id\":\"https:\/\/businessdatalab.ca\/#organization\"},\"potentialAction\":[{\"@type\":\"SearchAction\",\"target\":{\"@type\":\"EntryPoint\",\"urlTemplate\":\"https:\/\/businessdatalab.ca\/?s={search_term_string}\"},\"query-input\":{\"@type\":\"PropertyValueSpecification\",\"valueRequired\":true,\"valueName\":\"search_term_string\"}}],\"inLanguage\":\"fr-FR\"},{\"@type\":\"Organization\",\"@id\":\"https:\/\/businessdatalab.ca\/#organization\",\"name\":\"Business Data Lab\",\"url\":\"https:\/\/businessdatalab.ca\/\",\"logo\":{\"@type\":\"ImageObject\",\"inLanguage\":\"fr-FR\",\"@id\":\"https:\/\/businessdatalab.ca\/#\/schema\/logo\/image\/\",\"url\":\"https:\/\/businessdatalab.ca\/wp-content\/uploads\/2022\/09\/Chamber__BDL_Logo.png\",\"contentUrl\":\"https:\/\/businessdatalab.ca\/wp-content\/uploads\/2022\/09\/Chamber__BDL_Logo.png\",\"width\":479,\"height\":61,\"caption\":\"Business Data Lab\"},\"image\":{\"@id\":\"https:\/\/businessdatalab.ca\/#\/schema\/logo\/image\/\"},\"sameAs\":[\"https:\/\/www.facebook.com\/CdnChamberofCom\/\",\"https:\/\/x.com\/CdnChamberofCom\"]}]}<\/script>\n<!-- \/ Yoast SEO plugin. -->","yoast_head_json":{"title":"G\u00e9n\u00e9rateur de r\u00e9sultats d'enqu\u00eate - Business Data Lab","robots":{"index":"index","follow":"follow","max-snippet":"max-snippet:-1","max-image-preview":"max-image-preview:large","max-video-preview":"max-video-preview:-1"},"canonical":"https:\/\/businessdatalab.ca\/fr\/survey-insights-generator\/","og_locale":"fr_FR","og_type":"article","og_title":"G\u00e9n\u00e9rateur de r\u00e9sultats d'enqu\u00eate - Business Data Lab","og_url":"https:\/\/businessdatalab.ca\/fr\/survey-insights-generator\/","og_site_name":"Business Data Lab","article_publisher":"https:\/\/www.facebook.com\/CdnChamberofCom\/","article_modified_time":"2024-03-28T14:13:20+00:00","twitter_card":"summary_large_image","twitter_site":"@CdnChamberofCom","schema":{"@context":"https:\/\/schema.org","@graph":[{"@type":"WebPage","@id":"https:\/\/businessdatalab.ca\/fr\/survey-insights-generator\/","url":"https:\/\/businessdatalab.ca\/fr\/survey-insights-generator\/","name":"G\u00e9n\u00e9rateur de r\u00e9sultats d'enqu\u00eate - Business Data Lab","isPartOf":{"@id":"https:\/\/businessdatalab.ca\/#website"},"datePublished":"2023-06-16T18:12:18+00:00","dateModified":"2024-03-28T14:13:20+00:00","breadcrumb":{"@id":"https:\/\/businessdatalab.ca\/fr\/survey-insights-generator\/#breadcrumb"},"inLanguage":"fr-FR","potentialAction":[{"@type":"ReadAction","target":["https:\/\/businessdatalab.ca\/fr\/survey-insights-generator\/"]}]},{"@type":"BreadcrumbList","@id":"https:\/\/businessdatalab.ca\/fr\/survey-insights-generator\/#breadcrumb","itemListElement":[{"@type":"ListItem","position":1,"name":"Home","item":"https:\/\/businessdatalab.ca\/fr\/"},{"@type":"ListItem","position":2,"name":"G\u00e9n\u00e9rateur de r\u00e9sultats d&#8217;enqu\u00eate"}]},{"@type":"WebSite","@id":"https:\/\/businessdatalab.ca\/#website","url":"https:\/\/businessdatalab.ca\/","name":"Business Data Lab","description":"","publisher":{"@id":"https:\/\/businessdatalab.ca\/#organization"},"potentialAction":[{"@type":"SearchAction","target":{"@type":"EntryPoint","urlTemplate":"https:\/\/businessdatalab.ca\/?s={search_term_string}"},"query-input":{"@type":"PropertyValueSpecification","valueRequired":true,"valueName":"search_term_string"}}],"inLanguage":"fr-FR"},{"@type":"Organization","@id":"https:\/\/businessdatalab.ca\/#organization","name":"Business Data Lab","url":"https:\/\/businessdatalab.ca\/","logo":{"@type":"ImageObject","inLanguage":"fr-FR","@id":"https:\/\/businessdatalab.ca\/#\/schema\/logo\/image\/","url":"https:\/\/businessdatalab.ca\/wp-content\/uploads\/2022\/09\/Chamber__BDL_Logo.png","contentUrl":"https:\/\/businessdatalab.ca\/wp-content\/uploads\/2022\/09\/Chamber__BDL_Logo.png","width":479,"height":61,"caption":"Business Data Lab"},"image":{"@id":"https:\/\/businessdatalab.ca\/#\/schema\/logo\/image\/"},"sameAs":["https:\/\/www.facebook.com\/CdnChamberofCom\/","https:\/\/x.com\/CdnChamberofCom"]}]}},"hide_from_sitemap_search":"","_links":{"self":[{"href":"https:\/\/businessdatalab.ca\/fr\/wp-json\/wp\/v2\/pages\/34020","targetHints":{"allow":["GET"]}}],"collection":[{"href":"https:\/\/businessdatalab.ca\/fr\/wp-json\/wp\/v2\/pages"}],"about":[{"href":"https:\/\/businessdatalab.ca\/fr\/wp-json\/wp\/v2\/types\/page"}],"author":[{"embeddable":true,"href":"https:\/\/businessdatalab.ca\/fr\/wp-json\/wp\/v2\/users\/11"}],"replies":[{"embeddable":true,"href":"https:\/\/businessdatalab.ca\/fr\/wp-json\/wp\/v2\/comments?post=34020"}],"version-history":[{"count":0,"href":"https:\/\/businessdatalab.ca\/fr\/wp-json\/wp\/v2\/pages\/34020\/revisions"}],"wp:attachment":[{"href":"https:\/\/businessdatalab.ca\/fr\/wp-json\/wp\/v2\/media?parent=34020"}],"curies":[{"name":"wp","href":"https:\/\/api.w.org\/{rel}","templated":true}]}}