{"id":30186,"date":"2022-09-16T20:32:10","date_gmt":"2022-09-17T00:32:10","guid":{"rendered":"https:\/\/businessdatalab.ca\/dashboard\/"},"modified":"2026-02-10T16:24:38","modified_gmt":"2026-02-10T21:24:38","slug":"insights-tracker","status":"publish","type":"page","link":"https:\/\/businessdatalab.ca\/fr\/insights-tracker\/","title":{"rendered":"Outil de suivi des donn\u00e9es sur les entreprises"},"content":{"rendered":"    <section class=\"relative w-full pb-20 overflow-hidden pt-28 md:pt-40 md:pb-28\">\n                                    <video autoplay muted loop playsinline webkit-playsinline class=\"absolute  left-0 object-cover object-center w-full h-[calc(100%+30px)] top-0\">\n                    <source src=\"https:\/\/businessdatalab.ca\/wp-content\/uploads\/2024\/10\/Motion_Blue_03.mp4\" type=\"video\/mp4\">\n                <\/video>\n                            <div class=\"container relative z-[1]\">\n            <div class=\"flex flex-col items-center gap-10 lg:flex-row lg:gap-20\">\n                <div class=\"max-w-[250px] w-full\">\n                    <img decoding=\"async\" src=\"https:\/\/businessdatalab.ca\/wp-content\/uploads\/2024\/09\/179ed5eddc687ec41ebbec5053754785.png\" class=\"fade-in\" \/>\n                <\/div>\n\n                <div class=\"max-w-[795px] w-full\">\n                    <h1 class=\"text-4xl font-bold tracking-tighter text-white lg:text-6xl fade-in \"> Outil de suivi des donn\u00e9es sur les entreprises<\/h1>\n                    <div data-delay=\"0.2\" class=\"mt-6 text-xl font-normal text-white fade-in \">\n                        <p><span style=\"font-weight: 400;\">Explorez les attentes, les obstacles et les perspectives des entreprises, et personnalisez la port\u00e9e de vos recherches en fonction de la r\u00e9gion, du secteur d\u2019activit\u00e9 et d\u2019autres caract\u00e9ristiques de l\u2019entreprise.<\/span><\/p>\n\u00a0<\/div>\n                <\/div>\n            <\/div>\n        <\/div>\n        <\/div>\n    <\/section>\n\n\n\n\n<figure class=\"wp-block-image size-full\"><img loading=\"lazy\" decoding=\"async\" width=\"2160\" height=\"574\" src=\"https:\/\/businessdatalab.ca\/wp-content\/uploads\/2024\/10\/BIT-1.jpg\" alt=\"\" class=\"wp-image-37925\" srcset=\"https:\/\/businessdatalab.ca\/wp-content\/uploads\/2024\/10\/BIT-1.jpg 2160w, https:\/\/businessdatalab.ca\/wp-content\/uploads\/2024\/10\/BIT-1-300x80.jpg 300w, https:\/\/businessdatalab.ca\/wp-content\/uploads\/2024\/10\/BIT-1-1024x272.jpg 1024w, https:\/\/businessdatalab.ca\/wp-content\/uploads\/2024\/10\/BIT-1-768x204.jpg 768w, https:\/\/businessdatalab.ca\/wp-content\/uploads\/2024\/10\/BIT-1-1536x408.jpg 1536w, https:\/\/businessdatalab.ca\/wp-content\/uploads\/2024\/10\/BIT-1-2048x544.jpg 2048w\" sizes=\"auto, (max-width: 2160px) 100vw, 2160px\" \/><\/figure>\n\n\n\n    <section id=\"two-col-block_f4b66a3481f8fc059f3af2c85587b912\"\n        class=\"two-col bg-[#F9F9F9] overflow-hidden relative py-16 lg:py-28\">\n        \n                    \n        <div class=\"container relative z-[1]\">\n            <div class=\"grid grid-cols-1 lg:grid-cols-2 gap-y-8 md:gap-y-12 gap-x-0 lg:gap-y-0 lg:gap-x-7 \">\n                <div class=\"flex items-center order-2 lg:order-1\">\n                    <div class=\"flex flex-col justify-center gap-y-5 md:gap-y-6 max-w-full lg:max-w-[510px] w-full \">\n\n                                                <div data-delay=\"0.2\"\n                            class=\"text-black tracking-[-0.18px] font-normal  md:leading-8  fade-in prose md:prose-xl\">\n                            <p>Utilisez l\u2019outil interactif pour obtenir un aper\u00e7u personnalis\u00e9 des conclusions des rapports trimestriels actuels et ant\u00e9rieurs de donn\u00e9es sur les entreprises.<\/p>\n                        <\/div>\n\n                                                    <div data-delay=\"0.3\" class=\"flex flex-wrap items-start gap-4 md:items-center md:flex-row fade-in\">\n                                                                    <a href=\"https:\/\/powerbi.bdl-lde.ca\/mobility-fr\" target=\"_blank\"\n                                        class=\"relative flex items-center p-1 overflow-hidden border-2 border-black rounded-full gap-x-2 group \">\n                                        <div>\n                                            <div\n                                                class=\"relative w-9 z-[1] px-3  h-9 flex gap-3 overflow-hidden items-center justify-center rounded-full transition-all duration-500 ease-in-out \">\n                                                <div\n                                                    class=\"absolute flex flex-1 transition-all duration-500 ease-in-out -translate-x-1\/2 left-1\/2 group-hover:-left-1\/2 group-hover:-translate-x-full\">\n                                                    <i class=\"fa-solid fa-arrow-right text-base !leading-4 text-white\"><\/i>\n                                                <\/div>\n                                                <div\n                                                    class=\"flex-1 flex absolute -top-[1px] -right-5  transition-all duration-500 ease-in-out group-hover:right-[18px] translate-x-0 group-hover:translate-x-1\/2\">\n                                                    <i class=\"fa-solid fa-arrow-right text-base !leading-4 text-white\"><\/i>\n                                                <\/div>\n                                            <\/div>\n                                            <div\n                                                class=\"bg-aqua !bg-aqua       absolute rounded-full top-1 left-1 right-1.5 bottom-1.5 z-0 w-9 h-9 group-hover:w-[94%] transition-all duration-500 ease-in-out\">\n\n                                            <\/div>\n                                        <\/div>\n                                        <div class=\"pr-6 relative flex items-center z-[1]\">\n                                            <span\n                                                class=\" text-black text-base !leading-4 uppercase font-medium transition-all duration-500 ease-in-out group-hover:text-white\">\n                                                Lancer l&#8217;outil                                            <\/span>\n                                        <\/div>\n                                    <\/a>\n                                \n                                                            <\/div>\n                                            <\/div>\n                <\/div>\n                <div class=\"relative order-1 overflow-hidden rounded-md lg:order-2\">\n\n                    \n                                            <div\n                            class=\"absolute z-[1] px-8 py-4 transform -translate-x-1\/2 -translate-y-1\/2 cursor-pointer top-1\/2 left-1\/2 bg-black\/10 rounded-xl play_button\">\n                            <img decoding=\"async\" src=\"https:\/\/businessdatalab.ca\/wp-content\/themes\/bdl\/src\/images\/play-button.svg\" alt=\"logo\"\n                                class=\"\" \/>\n                        <\/div>\n                                                    <video playsinline webkit-playsinline controls=\"ture\" class=\"top-0 left-0 w-full video\" poster=\"https:\/\/businessdatalab.ca\/wp-content\/uploads\/2024\/10\/BEI_Thumbnail.jpg\">\n                                <source src=\"https:\/\/businessdatalab.ca\/wp-content\/uploads\/2024\/10\/BEI_PromoVideo.mp4\" type=\"video\/mp4\">\n                            <\/video>\n                                            \n                    \n                <\/div>\n            <\/div>\n        <\/div>\n\n    <\/section>\n\n\n\n    <section id=\"embed-iframe-block_f43f9729adf3a901151c673cf7dceed7\" class=\"embed remove-top-padding relative  \">\n        <div class=\"container\">\n            <p><iframe loading=\"lazy\" title=\"Return to Work V2.9\" width=\"100%\" height=\"2830px\" src=\"https:\/\/powerbi.bdl-lde.ca\/mobility-fr\" frameborder=\"0\" allowFullScreen=\"true\"><\/iframe><\/p>\n        <\/div>\n    <\/section>\n\n\n\n\n    <section id=\"two-col-block_6333058117e2181020e6e5d4904931bd\"\n        class=\"two-col bg-[#F9F9F9] overflow-hidden relative py-16 lg:py-28\">\n        \n                    \n        <div class=\"container relative z-[1]\">\n            <div class=\"grid grid-cols-1 lg:grid-cols-2 gap-y-8 md:gap-y-12 gap-x-0 lg:gap-y-0 lg:gap-x-7 \">\n                <div class=\"flex items-center order-2 lg:order-1\">\n                    <div class=\"flex flex-col justify-center gap-y-5 md:gap-y-6 max-w-full lg:max-w-[510px] w-full \">\n\n                                                    <h2 class=\"text-3xl sm:text-4xl md:text-5xl tracking-[-2.4px] font-bold text-black fade-in\">\n                                Suivi du chiffre d\u2019affaires des entreprises<\/h2>\n                                                <div data-delay=\"0.2\"\n                            class=\"text-black tracking-[-0.18px] font-normal  md:leading-8  fade-in prose md:prose-xl\">\n                            <p>\u00c9valuez la sant\u00e9 des d\u00e9penses de consommation au Canada aux niveaux national, r\u00e9gional et local. <\/p>\n                        <\/div>\n\n                                                    <div data-delay=\"0.3\" class=\"flex flex-wrap items-start gap-4 md:items-center md:flex-row fade-in\">\n                                                                    <a href=\"https:\/\/businessdatalab.ca\/local-spending-tracker\/\" target=\"_blank\"\n                                        class=\"relative flex items-center p-1 overflow-hidden border-2 border-black rounded-full gap-x-2 group \">\n                                        <div>\n                                            <div\n                                                class=\"relative w-9 z-[1] px-3  h-9 flex gap-3 overflow-hidden items-center justify-center rounded-full transition-all duration-500 ease-in-out \">\n                                                <div\n                                                    class=\"absolute flex flex-1 transition-all duration-500 ease-in-out -translate-x-1\/2 left-1\/2 group-hover:-left-1\/2 group-hover:-translate-x-full\">\n                                                    <i class=\"fa-solid fa-arrow-right text-base !leading-4 text-white\"><\/i>\n                                                <\/div>\n                                                <div\n                                                    class=\"flex-1 flex absolute -top-[1px] -right-5  transition-all duration-500 ease-in-out group-hover:right-[18px] translate-x-0 group-hover:translate-x-1\/2\">\n                                                    <i class=\"fa-solid fa-arrow-right text-base !leading-4 text-white\"><\/i>\n                                                <\/div>\n                                            <\/div>\n                                            <div\n                                                class=\"bg-aqua   !bg-navy     absolute rounded-full top-1 left-1 right-1.5 bottom-1.5 z-0 w-9 h-9 group-hover:w-[94%] transition-all duration-500 ease-in-out\">\n\n                                            <\/div>\n                                        <\/div>\n                                        <div class=\"pr-6 relative flex items-center z-[1]\">\n                                            <span\n                                                class=\" text-black text-base !leading-4 uppercase font-medium transition-all duration-500 ease-in-out group-hover:text-white\">\n                                                Acc\u00e9der \u00e0 l\u2019outil                                            <\/span>\n                                        <\/div>\n                                    <\/a>\n                                \n                                                            <\/div>\n                                            <\/div>\n                <\/div>\n                <div class=\"relative order-1 overflow-hidden rounded-md lg:order-2\">\n\n                                            <img decoding=\"async\" class=\"w-full rounded-md \" src=\"https:\/\/businessdatalab.ca\/wp-content\/uploads\/2024\/09\/4ac42f8e346a05bda31afd43344d6962.png\" alt=\"\" \/>\n                    \n                    \n                                            <div class=\"absolute inset-0 flex items-center justify-center\">\n\n                            \n                                                                    <div class=\"parallax-element-1\">\n                                        <img decoding=\"async\" class=\"relative w-full max-w-[280px] left-3 inline-block transform -top-0 rotate-12 drop-shadow-icon\"\n                                            src=\"https:\/\/businessdatalab.ca\/wp-content\/uploads\/2024\/09\/b4bde2832189fde0ab9f970575aa9d4d-2.png\" alt=\"\" \/>\n                                    <\/div>\n                                \n                            \n\n                        <\/div>\n                    \n                <\/div>\n            <\/div>\n        <\/div>\n\n    <\/section>\n","protected":false},"excerpt":{"rendered":"","protected":false},"author":11,"featured_media":0,"parent":0,"menu_order":0,"comment_status":"closed","ping_status":"closed","template":"","meta":{"_acf_changed":false,"content-type":"","inline_featured_image":false,"ngg_post_thumbnail":0,"footnotes":""},"class_list":["post-30186","page","type-page","status-publish","hentry"],"acf":[],"yoast_head":"<!-- This site is optimized with the Yoast SEO plugin v27.2 - https:\/\/yoast.com\/product\/yoast-seo-wordpress\/ -->\n<title>Outil de suivi des donn\u00e9es sur les entreprises - Business Data Lab<\/title>\n<meta name=\"robots\" content=\"index, follow, max-snippet:-1, max-image-preview:large, max-video-preview:-1\" \/>\n<link rel=\"canonical\" href=\"https:\/\/businessdatalab.ca\/fr\/insights-tracker\/\" \/>\n<meta property=\"og:locale\" content=\"fr_FR\" \/>\n<meta property=\"og:type\" content=\"article\" \/>\n<meta property=\"og:title\" content=\"Outil de suivi des donn\u00e9es sur les entreprises - Business Data Lab\" \/>\n<meta property=\"og:url\" content=\"https:\/\/businessdatalab.ca\/fr\/insights-tracker\/\" \/>\n<meta property=\"og:site_name\" content=\"Business Data Lab\" \/>\n<meta property=\"article:publisher\" content=\"https:\/\/www.facebook.com\/CdnChamberofCom\/\" \/>\n<meta property=\"article:modified_time\" content=\"2026-02-10T21:24:38+00:00\" \/>\n<meta property=\"og:image\" content=\"https:\/\/businessdatalab.ca\/wp-content\/uploads\/2024\/10\/BIT-1.jpg\" \/>\n<meta name=\"twitter:card\" content=\"summary_large_image\" \/>\n<meta name=\"twitter:site\" content=\"@CdnChamberofCom\" \/>\n<meta name=\"twitter:label1\" content=\"Est. reading time\" \/>\n\t<meta name=\"twitter:data1\" content=\"1 minute\" \/>\n<script type=\"application\/ld+json\" class=\"yoast-schema-graph\">{\"@context\":\"https:\/\/schema.org\",\"@graph\":[{\"@type\":\"WebPage\",\"@id\":\"https:\/\/businessdatalab.ca\/fr\/insights-tracker\/\",\"url\":\"https:\/\/businessdatalab.ca\/fr\/insights-tracker\/\",\"name\":\"Outil de suivi des donn\u00e9es sur les entreprises - Business Data Lab\",\"isPartOf\":{\"@id\":\"https:\/\/businessdatalab.ca\/#website\"},\"primaryImageOfPage\":{\"@id\":\"https:\/\/businessdatalab.ca\/fr\/insights-tracker\/#primaryimage\"},\"image\":{\"@id\":\"https:\/\/businessdatalab.ca\/fr\/insights-tracker\/#primaryimage\"},\"thumbnailUrl\":\"https:\/\/businessdatalab.ca\/wp-content\/uploads\/2024\/10\/BIT-1.jpg\",\"datePublished\":\"2022-09-17T00:32:10+00:00\",\"dateModified\":\"2026-02-10T21:24:38+00:00\",\"breadcrumb\":{\"@id\":\"https:\/\/businessdatalab.ca\/fr\/insights-tracker\/#breadcrumb\"},\"inLanguage\":\"fr-FR\",\"potentialAction\":[{\"@type\":\"ReadAction\",\"target\":[\"https:\/\/businessdatalab.ca\/fr\/insights-tracker\/\"]}]},{\"@type\":\"ImageObject\",\"inLanguage\":\"fr-FR\",\"@id\":\"https:\/\/businessdatalab.ca\/fr\/insights-tracker\/#primaryimage\",\"url\":\"https:\/\/businessdatalab.ca\/wp-content\/uploads\/2024\/10\/BIT-1.jpg\",\"contentUrl\":\"https:\/\/businessdatalab.ca\/wp-content\/uploads\/2024\/10\/BIT-1.jpg\"},{\"@type\":\"BreadcrumbList\",\"@id\":\"https:\/\/businessdatalab.ca\/fr\/insights-tracker\/#breadcrumb\",\"itemListElement\":[{\"@type\":\"ListItem\",\"position\":1,\"name\":\"Home\",\"item\":\"https:\/\/businessdatalab.ca\/fr\/\"},{\"@type\":\"ListItem\",\"position\":2,\"name\":\"Outil de suivi des donn\u00e9es sur les entreprises\"}]},{\"@type\":\"WebSite\",\"@id\":\"https:\/\/businessdatalab.ca\/#website\",\"url\":\"https:\/\/businessdatalab.ca\/\",\"name\":\"Business Data Lab\",\"description\":\"\",\"publisher\":{\"@id\":\"https:\/\/businessdatalab.ca\/#organization\"},\"potentialAction\":[{\"@type\":\"SearchAction\",\"target\":{\"@type\":\"EntryPoint\",\"urlTemplate\":\"https:\/\/businessdatalab.ca\/?s={search_term_string}\"},\"query-input\":{\"@type\":\"PropertyValueSpecification\",\"valueRequired\":true,\"valueName\":\"search_term_string\"}}],\"inLanguage\":\"fr-FR\"},{\"@type\":\"Organization\",\"@id\":\"https:\/\/businessdatalab.ca\/#organization\",\"name\":\"Business Data Lab\",\"url\":\"https:\/\/businessdatalab.ca\/\",\"logo\":{\"@type\":\"ImageObject\",\"inLanguage\":\"fr-FR\",\"@id\":\"https:\/\/businessdatalab.ca\/#\/schema\/logo\/image\/\",\"url\":\"https:\/\/businessdatalab.ca\/wp-content\/uploads\/2022\/09\/Chamber__BDL_Logo.png\",\"contentUrl\":\"https:\/\/businessdatalab.ca\/wp-content\/uploads\/2022\/09\/Chamber__BDL_Logo.png\",\"width\":479,\"height\":61,\"caption\":\"Business Data Lab\"},\"image\":{\"@id\":\"https:\/\/businessdatalab.ca\/#\/schema\/logo\/image\/\"},\"sameAs\":[\"https:\/\/www.facebook.com\/CdnChamberofCom\/\",\"https:\/\/x.com\/CdnChamberofCom\"]}]}<\/script>\n<!-- \/ Yoast SEO plugin. -->","yoast_head_json":{"title":"Outil de suivi des donn\u00e9es sur les entreprises - Business Data Lab","robots":{"index":"index","follow":"follow","max-snippet":"max-snippet:-1","max-image-preview":"max-image-preview:large","max-video-preview":"max-video-preview:-1"},"canonical":"https:\/\/businessdatalab.ca\/fr\/insights-tracker\/","og_locale":"fr_FR","og_type":"article","og_title":"Outil de suivi des donn\u00e9es sur les entreprises - Business Data Lab","og_url":"https:\/\/businessdatalab.ca\/fr\/insights-tracker\/","og_site_name":"Business Data Lab","article_publisher":"https:\/\/www.facebook.com\/CdnChamberofCom\/","article_modified_time":"2026-02-10T21:24:38+00:00","og_image":[{"url":"https:\/\/businessdatalab.ca\/wp-content\/uploads\/2024\/10\/BIT-1.jpg","type":"","width":"","height":""}],"twitter_card":"summary_large_image","twitter_site":"@CdnChamberofCom","twitter_misc":{"Est. reading time":"1 minute"},"schema":{"@context":"https:\/\/schema.org","@graph":[{"@type":"WebPage","@id":"https:\/\/businessdatalab.ca\/fr\/insights-tracker\/","url":"https:\/\/businessdatalab.ca\/fr\/insights-tracker\/","name":"Outil de suivi des donn\u00e9es sur les entreprises - Business Data Lab","isPartOf":{"@id":"https:\/\/businessdatalab.ca\/#website"},"primaryImageOfPage":{"@id":"https:\/\/businessdatalab.ca\/fr\/insights-tracker\/#primaryimage"},"image":{"@id":"https:\/\/businessdatalab.ca\/fr\/insights-tracker\/#primaryimage"},"thumbnailUrl":"https:\/\/businessdatalab.ca\/wp-content\/uploads\/2024\/10\/BIT-1.jpg","datePublished":"2022-09-17T00:32:10+00:00","dateModified":"2026-02-10T21:24:38+00:00","breadcrumb":{"@id":"https:\/\/businessdatalab.ca\/fr\/insights-tracker\/#breadcrumb"},"inLanguage":"fr-FR","potentialAction":[{"@type":"ReadAction","target":["https:\/\/businessdatalab.ca\/fr\/insights-tracker\/"]}]},{"@type":"ImageObject","inLanguage":"fr-FR","@id":"https:\/\/businessdatalab.ca\/fr\/insights-tracker\/#primaryimage","url":"https:\/\/businessdatalab.ca\/wp-content\/uploads\/2024\/10\/BIT-1.jpg","contentUrl":"https:\/\/businessdatalab.ca\/wp-content\/uploads\/2024\/10\/BIT-1.jpg"},{"@type":"BreadcrumbList","@id":"https:\/\/businessdatalab.ca\/fr\/insights-tracker\/#breadcrumb","itemListElement":[{"@type":"ListItem","position":1,"name":"Home","item":"https:\/\/businessdatalab.ca\/fr\/"},{"@type":"ListItem","position":2,"name":"Outil de suivi des donn\u00e9es sur les entreprises"}]},{"@type":"WebSite","@id":"https:\/\/businessdatalab.ca\/#website","url":"https:\/\/businessdatalab.ca\/","name":"Business Data Lab","description":"","publisher":{"@id":"https:\/\/businessdatalab.ca\/#organization"},"potentialAction":[{"@type":"SearchAction","target":{"@type":"EntryPoint","urlTemplate":"https:\/\/businessdatalab.ca\/?s={search_term_string}"},"query-input":{"@type":"PropertyValueSpecification","valueRequired":true,"valueName":"search_term_string"}}],"inLanguage":"fr-FR"},{"@type":"Organization","@id":"https:\/\/businessdatalab.ca\/#organization","name":"Business Data Lab","url":"https:\/\/businessdatalab.ca\/","logo":{"@type":"ImageObject","inLanguage":"fr-FR","@id":"https:\/\/businessdatalab.ca\/#\/schema\/logo\/image\/","url":"https:\/\/businessdatalab.ca\/wp-content\/uploads\/2022\/09\/Chamber__BDL_Logo.png","contentUrl":"https:\/\/businessdatalab.ca\/wp-content\/uploads\/2022\/09\/Chamber__BDL_Logo.png","width":479,"height":61,"caption":"Business Data Lab"},"image":{"@id":"https:\/\/businessdatalab.ca\/#\/schema\/logo\/image\/"},"sameAs":["https:\/\/www.facebook.com\/CdnChamberofCom\/","https:\/\/x.com\/CdnChamberofCom"]}]}},"hide_from_sitemap_search":"","_links":{"self":[{"href":"https:\/\/businessdatalab.ca\/fr\/wp-json\/wp\/v2\/pages\/30186","targetHints":{"allow":["GET"]}}],"collection":[{"href":"https:\/\/businessdatalab.ca\/fr\/wp-json\/wp\/v2\/pages"}],"about":[{"href":"https:\/\/businessdatalab.ca\/fr\/wp-json\/wp\/v2\/types\/page"}],"author":[{"embeddable":true,"href":"https:\/\/businessdatalab.ca\/fr\/wp-json\/wp\/v2\/users\/11"}],"replies":[{"embeddable":true,"href":"https:\/\/businessdatalab.ca\/fr\/wp-json\/wp\/v2\/comments?post=30186"}],"version-history":[{"count":0,"href":"https:\/\/businessdatalab.ca\/fr\/wp-json\/wp\/v2\/pages\/30186\/revisions"}],"wp:attachment":[{"href":"https:\/\/businessdatalab.ca\/fr\/wp-json\/wp\/v2\/media?parent=30186"}],"curies":[{"name":"wp","href":"https:\/\/api.w.org\/{rel}","templated":true}]}}