{"id":30184,"date":"2022-09-19T14:51:29","date_gmt":"2022-09-19T18:51:29","guid":{"rendered":"https:\/\/businessdatalab.ca\/charts-of-the-week\/"},"modified":"2026-02-10T16:35:11","modified_gmt":"2026-02-10T21:35:11","slug":"graphiques-de-la-chambre","status":"publish","type":"page","link":"https:\/\/businessdatalab.ca\/fr\/graphiques-de-la-chambre\/","title":{"rendered":"Graphiques de la Chambre"},"content":{"rendered":"    <section class=\"relative w-full pb-20 overflow-hidden pt-28 md:pt-40 md:pb-28\">\n                                    <video autoplay muted loop playsinline webkit-playsinline class=\"absolute  left-0 object-cover object-center w-full h-[calc(100%+30px)] top-0\">\n                    <source src=\"https:\/\/businessdatalab.ca\/wp-content\/uploads\/2024\/10\/Motion_Purple_03.mp4\" type=\"video\/mp4\">\n                <\/video>\n                            <div class=\"container relative z-[1]\">\n            <div class=\"flex flex-col items-center gap-10 lg:flex-row lg:gap-20\">\n                <div class=\"max-w-[250px] w-full\">\n                    <img decoding=\"async\" src=\"https:\/\/businessdatalab.ca\/wp-content\/uploads\/2024\/09\/71e41e8efba029212d5a72f9b9430008.png\" class=\"fade-in\" \/>\n                <\/div>\n\n                <div class=\"max-w-[795px] w-full\">\n                    <h1 class=\"text-4xl font-bold tracking-tighter text-white lg:text-6xl fade-in \"> Graphiques de la Chambre<\/h1>\n                    <div data-delay=\"0.2\" class=\"mt-6 text-xl font-normal text-white fade-in \">\n                        <p><span style=\"font-weight: 400;\">Des graphiques simples pour explorer les tendances \u00e9mergentes dans le monde des affaires.&nbsp;<\/span><\/p>\n\u00a0<\/div>\n                <\/div>\n            <\/div>\n        <\/div>\n        <\/div>\n    <\/section>\n\n\n\n    <section id=\"chamber-charts-block_bfb92b629c5d6379f58be73277c62d77\"\n        class=\"chamber-charts py-16 bg-[#f9f9f9]   overflow-hidden relative\"\n        style=\"background: \">\n\n        <div class=\"container grid gap-y-9 chart-result\" id=\"results\">\n            \n\n                    <a href=\"https:\/\/businessdatalab.ca\/fr\/charts\/augmentation_de_la_paperasserie\/ \"\n                        class=\"grid overflow-hidden bg-white bg-center bg-cover sm:grid-cols-12 rounded-3xl group \"\n                        style=\"background-image: url(https:\/\/businessdatalab.ca\/wp-content\/themes\/bdl\/src\/images\/bg-primary-5.png);\">\n                        <div\n                            class=\"flex items-start px-6 text-center border-b border-r-0 border-white sm:items-center sm:justify-center sm:col-span-3 sm:px-10 py-9 sm:py-10 sm:border-b-0 sm:border-r\">\n\n                            <div class=\"flex items-center justify-between w-full lg:block lg:w-auto\">\n                                <p class=\"text-4xl md:text-[56px] tracking-[-2.4px] font-bold text-white leading-none   mb-1\">\n                                    Aug 19                                <\/p>\n                                <p class=\"text-lg text-white \"> 2025<\/p>\n                            <\/div>\n                        <\/div>\n                        <div class=\"px-6 pb-5 sm:col-span-9 sm:px-10 pt-9 sm:pt-10\">\n                            <h3\n                                class=\"text-2xl md:text-[32px] mb-4 md:leading-9 font-body text-white tracking-tighter font-semibold\">\n                                \u00c9valuation du fardeau administratif\u00a0: une chance de regagner la productivit\u00e9 perdue<\/h3>\n                                                            <p class=\"text-lg text-white\"> Le fardeau r\u00e9glementaire f\u00e9d\u00e9ral au Canada ne cesse de s\u2019alourdir, et le co\u00fbt pour les entreprises n\u2019est plus un secret&#8230;.<\/p>\n                                                        <div class=\"flex mt-3 transition-all opacity-0 group-hover:opacity-100\">\n                                <p\n                                    class=\"flex items-center whitespace-nowrap text-base gap-2 text-white cursor-pointer uppercase py-1.5 hover:px-3 px-0  hover:bg-navy-100\/30 rounded-full transition-all duration-300 ease-in-out\">\n                                    Voir le graphique <\/i>\n                                    <i\n                                        class=\"fa-solid fa-chevron-right text-xs mt-[1px] max-w-[24px] w-full  flex items-center justify-center text-center\"><\/i>\n                                <\/p>\n                            <\/div>\n                        <\/div>\n                    <\/a>\n\n            \n\n                    <a href=\"https:\/\/businessdatalab.ca\/fr\/charts\/un-reveil-brutal-au-montant-de-31-billions-de-dollars-le-veritable-cout-de-lecart-de-productivite-au-canada\/ \"\n                        class=\"grid overflow-hidden bg-white bg-center bg-cover sm:grid-cols-12 rounded-3xl group \"\n                        style=\"background-image: url(https:\/\/businessdatalab.ca\/wp-content\/themes\/bdl\/src\/images\/bg-primary-5.png);\">\n                        <div\n                            class=\"flex items-start px-6 text-center border-b border-r-0 border-white sm:items-center sm:justify-center sm:col-span-3 sm:px-10 py-9 sm:py-10 sm:border-b-0 sm:border-r\">\n\n                            <div class=\"flex items-center justify-between w-full lg:block lg:w-auto\">\n                                <p class=\"text-4xl md:text-[56px] tracking-[-2.4px] font-bold text-white leading-none   mb-1\">\n                                    Jun 9                                <\/p>\n                                <p class=\"text-lg text-white \"> 2025<\/p>\n                            <\/div>\n                        <\/div>\n                        <div class=\"px-6 pb-5 sm:col-span-9 sm:px-10 pt-9 sm:pt-10\">\n                            <h3\n                                class=\"text-2xl md:text-[32px] mb-4 md:leading-9 font-body text-white tracking-tighter font-semibold\">\n                                Un r\u00e9veil brutal au montant de 31 billions de dollars : le v\u00e9ritable co\u00fbt de l&#8217;\u00e9cart de productivit\u00e9 au Canada<\/h3>\n                                                            <p class=\"text-lg text-white\"> D\u2019ici 2030, on pr\u00e9voit que les \u00e9conomies de l\u2019Asie-Pacifique repr\u00e9senteront pr\u00e8s de 50 % du PIB mondial, la Chine et l\u2019Inde \u00e0 elles seules g\u00e9n\u00e9rant 30 % de la production mondiale au cours des cinq prochaines ann\u00e9es.<\/p>\n                                                        <div class=\"flex mt-3 transition-all opacity-0 group-hover:opacity-100\">\n                                <p\n                                    class=\"flex items-center whitespace-nowrap text-base gap-2 text-white cursor-pointer uppercase py-1.5 hover:px-3 px-0  hover:bg-navy-100\/30 rounded-full transition-all duration-300 ease-in-out\">\n                                    Voir le graphique <\/i>\n                                    <i\n                                        class=\"fa-solid fa-chevron-right text-xs mt-[1px] max-w-[24px] w-full  flex items-center justify-center text-center\"><\/i>\n                                <\/p>\n                            <\/div>\n                        <\/div>\n                    <\/a>\n\n            \n\n                    <a href=\"https:\/\/businessdatalab.ca\/fr\/charts\/marees-changeantes-comment-le-canada-et-le-g7-peuvent-jouer-un-role-de-premier-plan-dans-une-economie-mondiale-en-transformation\/ \"\n                        class=\"grid overflow-hidden bg-white bg-center bg-cover sm:grid-cols-12 rounded-3xl group \"\n                        style=\"background-image: url(https:\/\/businessdatalab.ca\/wp-content\/themes\/bdl\/src\/images\/bg-primary-5.png);\">\n                        <div\n                            class=\"flex items-start px-6 text-center border-b border-r-0 border-white sm:items-center sm:justify-center sm:col-span-3 sm:px-10 py-9 sm:py-10 sm:border-b-0 sm:border-r\">\n\n                            <div class=\"flex items-center justify-between w-full lg:block lg:w-auto\">\n                                <p class=\"text-4xl md:text-[56px] tracking-[-2.4px] font-bold text-white leading-none   mb-1\">\n                                    May 22                                <\/p>\n                                <p class=\"text-lg text-white \"> 2025<\/p>\n                            <\/div>\n                        <\/div>\n                        <div class=\"px-6 pb-5 sm:col-span-9 sm:px-10 pt-9 sm:pt-10\">\n                            <h3\n                                class=\"text-2xl md:text-[32px] mb-4 md:leading-9 font-body text-white tracking-tighter font-semibold\">\n                                Comment le Canada et le G7 peuvent jouer un r\u00f4le de premier plan dans une \u00e9conomie mondiale en transformation<\/h3>\n                                                            <p class=\"text-lg text-white\"> D\u2019ici 2030, on pr\u00e9voit que les \u00e9conomies de l\u2019Asie-Pacifique repr\u00e9senteront pr\u00e8s de 50 % du PIB mondial, la Chine et l\u2019Inde \u00e0 elles seules g\u00e9n\u00e9rant 30 % de la production mondiale au cours des cinq prochaines ann\u00e9es.<\/p>\n                                                        <div class=\"flex mt-3 transition-all opacity-0 group-hover:opacity-100\">\n                                <p\n                                    class=\"flex items-center whitespace-nowrap text-base gap-2 text-white cursor-pointer uppercase py-1.5 hover:px-3 px-0  hover:bg-navy-100\/30 rounded-full transition-all duration-300 ease-in-out\">\n                                    Voir le graphique <\/i>\n                                    <i\n                                        class=\"fa-solid fa-chevron-right text-xs mt-[1px] max-w-[24px] w-full  flex items-center justify-center text-center\"><\/i>\n                                <\/p>\n                            <\/div>\n                        <\/div>\n                    <\/a>\n\n                        <form id=\"chart-filter\" class=\"flex items-center justify-center gap-2\" action=\"\">\n                <input type=\"hidden\" name=\"paged\" value=\"1\">\n                <input type=\"hidden\" name=\"action\" value=\"chamber_chart_filter\">\n\n                \n                <!-- Page Numbers -->\n                                        <button\n                            data-page=\"1\"\n                            class=\"flex items-center justify-center w-8 h-8 transition-all duration-500 ease-in-out rounded-full page-numbers hover:!bg-violet hover:text-white bg-violet text-white\">\n                            1                        <\/button>\n                                                                <button\n                            data-page=\"2\"\n                            class=\"flex items-center justify-center w-8 h-8 transition-all duration-500 ease-in-out rounded-full page-numbers hover:!bg-violet hover:text-white hover:text-white hover:bg-violet\">\n                            2                        <\/button>\n                                                                <button\n                            data-page=\"3\"\n                            class=\"flex items-center justify-center w-8 h-8 transition-all duration-500 ease-in-out rounded-full page-numbers hover:!bg-violet hover:text-white hover:text-white hover:bg-violet\">\n                            3                        <\/button>\n                                        \n                                    <button\n                        class=\"flex items-center justify-center w-8 h-8 transition-all duration-500 ease-in-out rounded-full next-button\">\n                        <i class=\"fa-solid fa-angle-right text-base !leading-4 \"><\/i>\n                    <\/button>\n                    <button\n                        data-page=\"3\"\n                        class=\"flex items-center justify-center w-8 h-8 transition-all duration-500 ease-in-out rounded-full last-button\">\n                        <i class=\"fa-solid fa-angles-right text-base !leading-4 \"><\/i>\n                    <\/button>\n                            <\/form>\n\n        <\/div>\n    <\/section>\n\n\n\n    <section id=\"two-col-block_ef2a9aee01b2d51199a11d2b86e679fb\"\n        class=\"two-col bg-[#F9F9F9] overflow-hidden relative py-16 lg:py-28\">\n        \n                    \n        <div class=\"container relative z-[1]\">\n            <div class=\"grid grid-cols-1 lg:grid-cols-2 gap-y-8 md:gap-y-12 gap-x-0 lg:gap-y-0 lg:gap-x-7 \">\n                <div class=\"flex items-center order-2 lg:order-1\">\n                    <div class=\"flex flex-col justify-center gap-y-5 md:gap-y-6 max-w-full lg:max-w-[510px] w-full \">\n\n                                                    <h2 class=\"text-3xl sm:text-4xl md:text-5xl tracking-[-2.4px] font-bold text-black fade-in\">\n                                Terminal de la conjoncture \u00e9conomique<\/h2>\n                                                <div data-delay=\"0.2\"\n                            class=\"text-black tracking-[-0.18px] font-normal  md:leading-8  fade-in prose md:prose-xl\">\n                            <p>Consultez des donn\u00e9es sur les entreprises canadiennes en temps r\u00e9el, y compris sur les ouvertures et les fermetures d\u2019entreprises, les offres d\u2019emploi et les pressions exerc\u00e9es sur la cha\u00eene d\u2019approvisionnement.<\/p>\n                        <\/div>\n\n                                                    <div data-delay=\"0.3\" class=\"flex flex-wrap items-start gap-4 md:items-center md:flex-row fade-in\">\n                                                                    <a href=\"https:\/\/businessdatalab.ca\/fr\/terminal\/\" target=\"\"\n                                        class=\"relative flex items-center p-1 overflow-hidden border-2 border-black rounded-full gap-x-2 group \">\n                                        <div>\n                                            <div\n                                                class=\"relative w-9 z-[1] px-3  h-9 flex gap-3 overflow-hidden items-center justify-center rounded-full transition-all duration-500 ease-in-out \">\n                                                <div\n                                                    class=\"absolute flex flex-1 transition-all duration-500 ease-in-out -translate-x-1\/2 left-1\/2 group-hover:-left-1\/2 group-hover:-translate-x-full\">\n                                                    <i class=\"fa-solid fa-arrow-right text-base !leading-4 text-white\"><\/i>\n                                                <\/div>\n                                                <div\n                                                    class=\"flex-1 flex absolute -top-[1px] -right-5  transition-all duration-500 ease-in-out group-hover:right-[18px] translate-x-0 group-hover:translate-x-1\/2\">\n                                                    <i class=\"fa-solid fa-arrow-right text-base !leading-4 text-white\"><\/i>\n                                                <\/div>\n                                            <\/div>\n                                            <div\n                                                class=\"bg-aqua !bg-aqua       absolute rounded-full top-1 left-1 right-1.5 bottom-1.5 z-0 w-9 h-9 group-hover:w-[94%] transition-all duration-500 ease-in-out\">\n\n                                            <\/div>\n                                        <\/div>\n                                        <div class=\"pr-6 relative flex items-center z-[1]\">\n                                            <span\n                                                class=\" text-black text-base !leading-4 uppercase font-medium transition-all duration-500 ease-in-out group-hover:text-white\">\n                                                Acc\u00e9der au terminal                                            <\/span>\n                                        <\/div>\n                                    <\/a>\n                                \n                                                            <\/div>\n                                            <\/div>\n                <\/div>\n                <div class=\"relative order-1 overflow-hidden rounded-md lg:order-2\">\n\n                                            <img decoding=\"async\" class=\"w-full rounded-md \" src=\"https:\/\/businessdatalab.ca\/wp-content\/uploads\/2024\/09\/17f25f1ca48dd46f075d9ff3776f3e09.png\" alt=\"\" \/>\n                    \n                    \n                                            <div class=\"absolute inset-0 flex items-center justify-center\">\n\n                            \n                                                                    <div class=\"parallax-element-1\">\n                                        <img decoding=\"async\" class=\"relative w-full max-w-[280px] left-3 inline-block transform -top-0 rotate-12 drop-shadow-icon\"\n                                            src=\"https:\/\/businessdatalab.ca\/wp-content\/uploads\/2024\/09\/1586c0372cd66a0cfecde94a1e50b8a1-1.png\" alt=\"\" \/>\n                                    <\/div>\n                                \n                            \n\n                        <\/div>\n                    \n                <\/div>\n            <\/div>\n        <\/div>\n\n    <\/section>\n","protected":false},"excerpt":{"rendered":"","protected":false},"author":11,"featured_media":0,"parent":0,"menu_order":0,"comment_status":"closed","ping_status":"closed","template":"","meta":{"_acf_changed":false,"content-type":"","inline_featured_image":false,"ngg_post_thumbnail":0,"footnotes":""},"class_list":["post-30184","page","type-page","status-publish","hentry"],"acf":[],"yoast_head":"<!-- This site is optimized with the Yoast SEO plugin v27.2 - https:\/\/yoast.com\/product\/yoast-seo-wordpress\/ -->\n<title>Graphiques de la Chambre - Business Data Lab<\/title>\n<meta name=\"robots\" content=\"index, follow, max-snippet:-1, max-image-preview:large, max-video-preview:-1\" \/>\n<link rel=\"canonical\" href=\"https:\/\/businessdatalab.ca\/fr\/graphiques-de-la-chambre\/\" \/>\n<meta property=\"og:locale\" content=\"fr_FR\" \/>\n<meta property=\"og:type\" content=\"article\" \/>\n<meta property=\"og:title\" content=\"Graphiques de la Chambre - Business Data Lab\" \/>\n<meta property=\"og:url\" content=\"https:\/\/businessdatalab.ca\/fr\/graphiques-de-la-chambre\/\" \/>\n<meta property=\"og:site_name\" content=\"Business Data Lab\" \/>\n<meta property=\"article:publisher\" content=\"https:\/\/www.facebook.com\/CdnChamberofCom\/\" \/>\n<meta property=\"article:modified_time\" content=\"2026-02-10T21:35:11+00:00\" \/>\n<meta name=\"twitter:card\" content=\"summary_large_image\" \/>\n<meta name=\"twitter:site\" content=\"@CdnChamberofCom\" \/>\n<script type=\"application\/ld+json\" class=\"yoast-schema-graph\">{\"@context\":\"https:\/\/schema.org\",\"@graph\":[{\"@type\":\"WebPage\",\"@id\":\"https:\/\/businessdatalab.ca\/fr\/graphiques-de-la-chambre\/\",\"url\":\"https:\/\/businessdatalab.ca\/fr\/graphiques-de-la-chambre\/\",\"name\":\"Graphiques de la Chambre - Business Data Lab\",\"isPartOf\":{\"@id\":\"https:\/\/businessdatalab.ca\/#website\"},\"datePublished\":\"2022-09-19T18:51:29+00:00\",\"dateModified\":\"2026-02-10T21:35:11+00:00\",\"breadcrumb\":{\"@id\":\"https:\/\/businessdatalab.ca\/fr\/graphiques-de-la-chambre\/#breadcrumb\"},\"inLanguage\":\"fr-FR\",\"potentialAction\":[{\"@type\":\"ReadAction\",\"target\":[\"https:\/\/businessdatalab.ca\/fr\/graphiques-de-la-chambre\/\"]}]},{\"@type\":\"BreadcrumbList\",\"@id\":\"https:\/\/businessdatalab.ca\/fr\/graphiques-de-la-chambre\/#breadcrumb\",\"itemListElement\":[{\"@type\":\"ListItem\",\"position\":1,\"name\":\"Home\",\"item\":\"https:\/\/businessdatalab.ca\/fr\/\"},{\"@type\":\"ListItem\",\"position\":2,\"name\":\"Graphiques de la Chambre\"}]},{\"@type\":\"WebSite\",\"@id\":\"https:\/\/businessdatalab.ca\/#website\",\"url\":\"https:\/\/businessdatalab.ca\/\",\"name\":\"Business Data Lab\",\"description\":\"\",\"publisher\":{\"@id\":\"https:\/\/businessdatalab.ca\/#organization\"},\"potentialAction\":[{\"@type\":\"SearchAction\",\"target\":{\"@type\":\"EntryPoint\",\"urlTemplate\":\"https:\/\/businessdatalab.ca\/?s={search_term_string}\"},\"query-input\":{\"@type\":\"PropertyValueSpecification\",\"valueRequired\":true,\"valueName\":\"search_term_string\"}}],\"inLanguage\":\"fr-FR\"},{\"@type\":\"Organization\",\"@id\":\"https:\/\/businessdatalab.ca\/#organization\",\"name\":\"Business Data Lab\",\"url\":\"https:\/\/businessdatalab.ca\/\",\"logo\":{\"@type\":\"ImageObject\",\"inLanguage\":\"fr-FR\",\"@id\":\"https:\/\/businessdatalab.ca\/#\/schema\/logo\/image\/\",\"url\":\"https:\/\/businessdatalab.ca\/wp-content\/uploads\/2022\/09\/Chamber__BDL_Logo.png\",\"contentUrl\":\"https:\/\/businessdatalab.ca\/wp-content\/uploads\/2022\/09\/Chamber__BDL_Logo.png\",\"width\":479,\"height\":61,\"caption\":\"Business Data Lab\"},\"image\":{\"@id\":\"https:\/\/businessdatalab.ca\/#\/schema\/logo\/image\/\"},\"sameAs\":[\"https:\/\/www.facebook.com\/CdnChamberofCom\/\",\"https:\/\/x.com\/CdnChamberofCom\"]}]}<\/script>\n<!-- \/ Yoast SEO plugin. -->","yoast_head_json":{"title":"Graphiques de la Chambre - Business Data Lab","robots":{"index":"index","follow":"follow","max-snippet":"max-snippet:-1","max-image-preview":"max-image-preview:large","max-video-preview":"max-video-preview:-1"},"canonical":"https:\/\/businessdatalab.ca\/fr\/graphiques-de-la-chambre\/","og_locale":"fr_FR","og_type":"article","og_title":"Graphiques de la Chambre - Business Data Lab","og_url":"https:\/\/businessdatalab.ca\/fr\/graphiques-de-la-chambre\/","og_site_name":"Business Data Lab","article_publisher":"https:\/\/www.facebook.com\/CdnChamberofCom\/","article_modified_time":"2026-02-10T21:35:11+00:00","twitter_card":"summary_large_image","twitter_site":"@CdnChamberofCom","schema":{"@context":"https:\/\/schema.org","@graph":[{"@type":"WebPage","@id":"https:\/\/businessdatalab.ca\/fr\/graphiques-de-la-chambre\/","url":"https:\/\/businessdatalab.ca\/fr\/graphiques-de-la-chambre\/","name":"Graphiques de la Chambre - Business Data Lab","isPartOf":{"@id":"https:\/\/businessdatalab.ca\/#website"},"datePublished":"2022-09-19T18:51:29+00:00","dateModified":"2026-02-10T21:35:11+00:00","breadcrumb":{"@id":"https:\/\/businessdatalab.ca\/fr\/graphiques-de-la-chambre\/#breadcrumb"},"inLanguage":"fr-FR","potentialAction":[{"@type":"ReadAction","target":["https:\/\/businessdatalab.ca\/fr\/graphiques-de-la-chambre\/"]}]},{"@type":"BreadcrumbList","@id":"https:\/\/businessdatalab.ca\/fr\/graphiques-de-la-chambre\/#breadcrumb","itemListElement":[{"@type":"ListItem","position":1,"name":"Home","item":"https:\/\/businessdatalab.ca\/fr\/"},{"@type":"ListItem","position":2,"name":"Graphiques de la Chambre"}]},{"@type":"WebSite","@id":"https:\/\/businessdatalab.ca\/#website","url":"https:\/\/businessdatalab.ca\/","name":"Business Data Lab","description":"","publisher":{"@id":"https:\/\/businessdatalab.ca\/#organization"},"potentialAction":[{"@type":"SearchAction","target":{"@type":"EntryPoint","urlTemplate":"https:\/\/businessdatalab.ca\/?s={search_term_string}"},"query-input":{"@type":"PropertyValueSpecification","valueRequired":true,"valueName":"search_term_string"}}],"inLanguage":"fr-FR"},{"@type":"Organization","@id":"https:\/\/businessdatalab.ca\/#organization","name":"Business Data Lab","url":"https:\/\/businessdatalab.ca\/","logo":{"@type":"ImageObject","inLanguage":"fr-FR","@id":"https:\/\/businessdatalab.ca\/#\/schema\/logo\/image\/","url":"https:\/\/businessdatalab.ca\/wp-content\/uploads\/2022\/09\/Chamber__BDL_Logo.png","contentUrl":"https:\/\/businessdatalab.ca\/wp-content\/uploads\/2022\/09\/Chamber__BDL_Logo.png","width":479,"height":61,"caption":"Business Data Lab"},"image":{"@id":"https:\/\/businessdatalab.ca\/#\/schema\/logo\/image\/"},"sameAs":["https:\/\/www.facebook.com\/CdnChamberofCom\/","https:\/\/x.com\/CdnChamberofCom"]}]}},"hide_from_sitemap_search":"","_links":{"self":[{"href":"https:\/\/businessdatalab.ca\/fr\/wp-json\/wp\/v2\/pages\/30184","targetHints":{"allow":["GET"]}}],"collection":[{"href":"https:\/\/businessdatalab.ca\/fr\/wp-json\/wp\/v2\/pages"}],"about":[{"href":"https:\/\/businessdatalab.ca\/fr\/wp-json\/wp\/v2\/types\/page"}],"author":[{"embeddable":true,"href":"https:\/\/businessdatalab.ca\/fr\/wp-json\/wp\/v2\/users\/11"}],"replies":[{"embeddable":true,"href":"https:\/\/businessdatalab.ca\/fr\/wp-json\/wp\/v2\/comments?post=30184"}],"version-history":[{"count":1,"href":"https:\/\/businessdatalab.ca\/fr\/wp-json\/wp\/v2\/pages\/30184\/revisions"}],"predecessor-version":[{"id":44723,"href":"https:\/\/businessdatalab.ca\/fr\/wp-json\/wp\/v2\/pages\/30184\/revisions\/44723"}],"wp:attachment":[{"href":"https:\/\/businessdatalab.ca\/fr\/wp-json\/wp\/v2\/media?parent=30184"}],"curies":[{"name":"wp","href":"https:\/\/api.w.org\/{rel}","templated":true}]}}